{"id":2,"date":"2016-01-09T21:05:29","date_gmt":"2016-01-09T21:05:29","guid":{"rendered":"https:\/\/bestdominicantoursandtransfers.com\/es\/?page_id=2"},"modified":"2016-03-01T16:10:53","modified_gmt":"2016-03-01T16:10:53","slug":"compania","status":"publish","type":"page","link":"https:\/\/bestdominicantoursandtransfers.com\/es\/compania\/","title":{"rendered":"Compa\u00f1\u00eda"},"content":{"rendered":"<div class=\"title title--big title--underline title--decoration-bottom-left\">\n\t\t<h3 class=\"title__primary\">Best Dominican Tours and Transfers<\/h3>\n<\/div>\n\n<p><img decoding=\"async\" loading=\"lazy\" class=\"aligncenter size-large wp-image-276\" src=\"https:\/\/bestdominicantoursandtransfers.com\/es\/wp-content\/uploads\/2016\/02\/Best-Dominican.png\" alt=\"BEST DOMINICAN T&#038;T\" width=\"748\" height=\"402\" \/><\/p>\n<p>&nbsp;<\/p>\n<div class=\"row\"><div class=\"col-md-1\"><\/div><div class=\"col-md-10\">\n<p>Es una empresa especializa en paquetes tur\u00edsticos, traslados y transporte terrestre en general. Ofrecemos una gran variedad de servicios tur\u00edsticos para grupos as\u00ed como tambi\u00e9n individuales en toda la isla.<\/p>\n<p>Nos esforzamos cada d\u00eda mas para ofrecerles los mejores traslados y excursiones con nuestras flotillas de autobuses confortables, satisfaciendo los paladares m\u00e1s exigentes. Todas nuestras excursiones y traslados han sido dise\u00f1ados teniendo en cuenta la comodidad, la seguridad y el disfrute de nuestros clientes, con la experiencia de nuestro director y el equipo de trabajo nos hacen l\u00edderes en los servicios tur\u00edsticos en la Rep\u00fablica Dominicana.<\/p>\n<p>Nuestro objetivo y misi\u00f3n es satisfacer las expectativas y disfrute de nuestros clientes, haciendo que su estad\u00eda en este para\u00edso del Caribe sea una experiencia inolvidable llena de satisfacci\u00f3n y buenos recuerdos. Nos complace en ofrecerles los mejores paquetes tur\u00edsticos, traslados y excursiones con los precios m\u00e1s razonables y m\u00e1s asequibles del mercado.<\/p>\n<p>Nosotros en Best Dominican Tours and Transfers, esperamos tener la oportunidad de servirle y ayudarle a descubrir los encantos de esta hermosa isla del Caribe La Rep\u00fablica Dominicana.<\/p>\n<\/div><div class=\"col-md-1\"><\/div><\/div>\n<p>&nbsp;<\/p>\n","protected":false},"excerpt":{"rendered":"<p>&nbsp; &nbsp;<\/p>\n","protected":false},"author":1,"featured_media":0,"parent":0,"menu_order":0,"comment_status":"open","ping_status":"open","template":"","meta":[],"_links":{"self":[{"href":"https:\/\/bestdominicantoursandtransfers.com\/es\/wp-json\/wp\/v2\/pages\/2"}],"collection":[{"href":"https:\/\/bestdominicantoursandtransfers.com\/es\/wp-json\/wp\/v2\/pages"}],"about":[{"href":"https:\/\/bestdominicantoursandtransfers.com\/es\/wp-json\/wp\/v2\/types\/page"}],"author":[{"embeddable":true,"href":"https:\/\/bestdominicantoursandtransfers.com\/es\/wp-json\/wp\/v2\/users\/1"}],"replies":[{"embeddable":true,"href":"https:\/\/bestdominicantoursandtransfers.com\/es\/wp-json\/wp\/v2\/comments?post=2"}],"version-history":[{"count":0,"href":"https:\/\/bestdominicantoursandtransfers.com\/es\/wp-json\/wp\/v2\/pages\/2\/revisions"}],"wp:attachment":[{"href":"https:\/\/bestdominicantoursandtransfers.com\/es\/wp-json\/wp\/v2\/media?parent=2"}],"curies":[{"name":"wp","href":"https:\/\/api.w.org\/{rel}","templated":true}]}}